{"id":1160,"date":"2022-03-22T16:20:27","date_gmt":"2022-03-22T20:20:27","guid":{"rendered":"https:\/\/formulaglobalmobility.us\/?page_id=1160"},"modified":"2024-12-11T13:03:01","modified_gmt":"2024-12-11T18:03:01","slug":"long-distance-moving","status":"publish","type":"page","link":"https:\/\/formulaglobalmobility.us\/es\/long-distance-moving\/","title":{"rendered":"Mudanzas de larga distancia"},"content":{"rendered":"<div data-vc-full-width=\"true\" data-vc-full-width-init=\"false\" data-vc-stretch-content=\"true\" data-vc-parallax=\"1.5\" data-vc-parallax-image=\"https:\/\/formulaglobalmobility.us\/wp-content\/uploads\/2020\/04\/World-Map-scaled.jpg\" class=\"vc_row wpb_row vc_row-fluid vc_row-has-fill vc_row-no-padding vc_general vc_parallax vc_parallax-content-moving\"><div class=\"wpb_column vc_column_container vc_col-sm-12\"><div class=\"vc_column-inner\"><div class=\"wpb_wrapper\"><div class=\"vc_empty_space\"   style=\"height: 70px\"><span class=\"vc_empty_space_inner\"><\/span><\/div>\n\t<div class=\"wpb_text_column wpb_content_element\" >\n\t\t<div class=\"wpb_wrapper\">\n\t\t\t<h4 style=\"text-align: center;\">Mudanzas de larga distancia<\/h4>\n\n\t\t<\/div>\n\t<\/div>\n<div class=\"vc_empty_space\"   style=\"height: 20px\"><span class=\"vc_empty_space_inner\"><\/span><\/div><\/div><\/div><\/div><\/div><div class=\"vc_row-full-width vc_clearfix\"><\/div><!-- Row Backgrounds --><div class=\"upb_color\" data-bg-override=\"0\" data-bg-color=\"rgba(0,0,0,0.6)\" data-fadeout=\"\" data-fadeout-percentage=\"30\" data-parallax-content=\"\" data-parallax-content-sense=\"30\" data-row-effect-mobile-disable=\"true\" data-img-parallax-mobile-disable=\"true\" data-rtl=\"false\"  data-custom-vc-row=\"\"  data-vc=\"6.5.0\"  data-is_old_vc=\"\"  data-theme-support=\"\"   data-overlay=\"false\" data-overlay-color=\"\" data-overlay-pattern=\"\" data-overlay-pattern-opacity=\"\" data-overlay-pattern-size=\"\"    ><\/div><div class=\"vc_row wpb_row vc_row-fluid vc_custom_1587939430019\"><div class=\"wpb_column vc_column_container vc_col-sm-3\"><div class=\"vc_column-inner\"><div class=\"wpb_wrapper\">\r\n\r\n\t\t\t<div class=\"wpb_single_image wpb_content_element vc_align_left\">\r\n\t\t\t\t\r\n\t\t\t\t\t<figure class=\"wpb_wrapper vc_figure item_img\">\r\n\t\t\t\t\t\t<div class=\"vc_single_image-wrapper   vc_box_border_grey\"><img loading=\"lazy\" decoding=\"async\" width=\"997\" height=\"287\" src=\"https:\/\/formulaglobalmobility.us\/wp-content\/uploads\/2022\/03\/f-van-lines-tr-1.png\" class=\"vc_single_image-img attachment-full\" alt=\"F van lines tr\" \/><\/div>\r\n\t\t\t\t\t<\/figure>\r\n\t\t\t<\/div>\r\n<\/div><\/div><\/div><div class=\"wpb_column vc_column_container vc_col-sm-9\"><div class=\"vc_column-inner\"><div class=\"wpb_wrapper\">\n\t<div class=\"wpb_text_column wpb_content_element  vc_custom_1647980988383\" >\n\t\t<div class=\"wpb_wrapper\">\n\t\t\t<h4 style=\"font-size: 30px; text-align: left;\">Formula Van Lines es la empresa de mudanzas de larga distancia de confianza<\/h4>\n\n\t\t<\/div>\n\t<\/div>\n<div class=\"vc_empty_space\"   style=\"height: 32px\"><span class=\"vc_empty_space_inner\"><\/span><\/div><\/div><\/div><\/div><\/div><div class=\"vc_row wpb_row vc_row-fluid\"><div class=\"wpb_column vc_column_container vc_col-sm-6\"><div class=\"vc_column-inner\"><div class=\"wpb_wrapper\"><div class=\"vc_empty_space\"   style=\"height: 32px\"><span class=\"vc_empty_space_inner\"><\/span><\/div><h2 style=\"font-size: 22px;color: #333333;text-align: left\" class=\"vc_custom_heading vc_custom_1649350709549 main_title\">Su Empresa de Mudanzas de Larga Distancia accessible en los Estados Unidos de Norteamerica<\/h2><div class=\"vc_row wpb_row vc_inner vc_row-fluid vc_custom_1648495792828\"><div class=\"wpb_column vc_column_container vc_col-sm-12\"><div class=\"vc_column-inner\"><div class=\"wpb_wrapper\">\n\t<div class=\"wpb_text_column wpb_content_element\" >\n\t\t<div class=\"wpb_wrapper\">\n\t\t\t<p><b>\u00bfEst\u00e1 planeando una mudanza de larga distancia? Conf\u00ede en un experto en mudanzas interestatales para entregar sus enseres dom\u00e9sticos en perfectas condiciones.<\/b><\/p>\n<p>Formula Van Lines ha estado ofreciendo mudanzas interestatales de alta calidad en todo Estados Unidos por m\u00e1s de 10 a\u00f1os. Ya sea para una mudanza completa de su casa o para transportar s\u00f3lo algunos enseres y\/o menaje del hogar, ofrecemos tarifas competitivas para usted, su familia o los empleados de su empresa. Prueba de nuestra seriedad y nuestro buen conocimiento, Formula cuenta con numerosas acreditaciones y somos miembros de diferentes asociaciones.<\/p>\n\n\t\t<\/div>\n\t<\/div>\n<\/div><\/div><\/div><\/div><div class=\"vc_row wpb_row vc_inner vc_row-fluid vc_custom_1588859266677\"><div class=\"wpb_column vc_column_container vc_col-sm-12\"><div class=\"vc_column-inner\"><div class=\"wpb_wrapper\"><div class=\"vc_empty_space\"   style=\"height: 32px\"><span class=\"vc_empty_space_inner\"><\/span><\/div><div class=\"load-more\">    \r\n <div  style=\"text-align:left\">\r\n    <a href=\"https:\/\/graneromoving.com\/moving-services-contact-us\/\" class=\"button    type2\">\r\n   <span>\r\n    <span>Cotizaci\u00f3n Gratuita<\/span>\r\n    <span>Cotizaci\u00f3n Gratuita<\/span>\r\n   <\/span>\r\n  <\/a>\r\n <\/div>\r\n<\/div>\n<\/div><\/div><\/div><\/div><div class=\"vc_empty_space\"   style=\"height: 32px\"><span class=\"vc_empty_space_inner\"><\/span><\/div><\/div><\/div><\/div><div class=\"wpb_column vc_column_container vc_col-sm-6\"><div class=\"vc_column-inner\"><div class=\"wpb_wrapper\"><div class=\"vc_empty_space\"   style=\"height: 32px\"><span class=\"vc_empty_space_inner\"><\/span><\/div>\r\n\r\n\t\t\t<div class=\"wpb_single_image wpb_content_element vc_align_left\">\r\n\t\t\t\t\r\n\t\t\t\t\t<figure class=\"wpb_wrapper vc_figure item_img\">\r\n\t\t\t\t\t\t<div class=\"vc_single_image-wrapper   vc_box_border_grey\"><img loading=\"lazy\" decoding=\"async\" class=\"vc_single_image-img\" src=\"https:\/\/formulaglobalmobility.us\/wp-content\/uploads\/2022\/03\/formula-van-lines-clients-500x350.jpg\" width=\"500\" height=\"350\" alt=\"formula-van-lines-clients\" title=\"formula-van-lines-clients\" \/><\/div>\r\n\t\t\t\t\t<\/figure>\r\n\t\t\t<\/div>\r\n<\/div><\/div><\/div><\/div><div class=\"vc_row wpb_row vc_row-fluid\"><div class=\"wpb_column vc_column_container vc_col-sm-6\"><div class=\"vc_column-inner\"><div class=\"wpb_wrapper\"><div class=\"vc_empty_space\"   style=\"height: 32px\"><span class=\"vc_empty_space_inner\"><\/span><\/div><h2 style=\"font-size: 22px;color: #333333;text-align: left\" class=\"vc_custom_heading vc_custom_1648574818965 main_title\">Formula Van Lines, su compa\u00f1\u00eda de mudanzas interestatales en la  Florida<\/h2><div class=\"vc_row wpb_row vc_inner vc_row-fluid vc_custom_1648495792828\"><div class=\"wpb_column vc_column_container vc_col-sm-12\"><div class=\"vc_column-inner\"><div class=\"wpb_wrapper\">\n\t<div class=\"wpb_text_column wpb_content_element\" >\n\t\t<div class=\"wpb_wrapper\">\n\t\t\t<p>Debido a la creciente demanda de los clientes de mudanzas interestatales en Florida, Formula Global Mobility, especialista en mudanzas internacionales, ha creado Formula Van Lines, una entidad dedicada a las mudanzas de larga distancia. Consciente de la especificidad de la profesi\u00f3n, Formula Van Lines ha sido desarrollada por un equipo experimentado en mudanzas de larga distancia en Norteam\u00e9rica.<\/p>\n<p>Desde nuestros comienzos, hemos trasladado a miles de familias y empresas a su nuevo estado desde o hacia Florida gracias a la presencia de nuestros almacenes en Fort Lauderdale y Seattle. Tambi\u00e9n realizamos mudanzas de larga distancia para nuestros clientes entre el sur y el norte del estado de Florida. Gracias a nuestra red de agentes certificados, tambi\u00e9n podemos ofrecer servicios de mudanzas interestatales fuera de Florida.<\/p>\n\n\t\t<\/div>\n\t<\/div>\n<\/div><\/div><\/div><\/div><div class=\"vc_empty_space\"   style=\"height: 32px\"><span class=\"vc_empty_space_inner\"><\/span><\/div><\/div><\/div><\/div><div class=\"wpb_column vc_column_container vc_col-sm-6\"><div class=\"vc_column-inner\"><div class=\"wpb_wrapper\"><div class=\"vc_empty_space\"   style=\"height: 32px\"><span class=\"vc_empty_space_inner\"><\/span><\/div>\r\n\r\n\t\t\t<div class=\"wpb_single_image wpb_content_element vc_align_left\">\r\n\t\t\t\t\r\n\t\t\t\t\t<figure class=\"wpb_wrapper vc_figure item_img\">\r\n\t\t\t\t\t\t<div class=\"vc_single_image-wrapper   vc_box_border_grey\"><img loading=\"lazy\" decoding=\"async\" class=\"vc_single_image-img\" src=\"https:\/\/formulaglobalmobility.us\/wp-content\/uploads\/2022\/03\/van-lines-500x350.jpg\" width=\"500\" height=\"350\" alt=\"van-lines\" title=\"van-lines\" \/><\/div>\r\n\t\t\t\t\t<\/figure>\r\n\t\t\t<\/div>\r\n<\/div><\/div><\/div><\/div><div class=\"vc_row wpb_row vc_row-fluid\"><div class=\"wpb_column vc_column_container vc_col-sm-6\"><div class=\"vc_column-inner\"><div class=\"wpb_wrapper\"><div class=\"vc_empty_space\"   style=\"height: 32px\"><span class=\"vc_empty_space_inner\"><\/span><\/div><h2 style=\"font-size: 22px;color: #333333;text-align: left\" class=\"vc_custom_heading vc_custom_1648574883331 main_title\">Servicios de mudanzas de alta calidad en todo Estados Unidos<\/h2><div class=\"vc_row wpb_row vc_inner vc_row-fluid vc_custom_1648495792828\"><div class=\"wpb_column vc_column_container vc_col-sm-12\"><div class=\"vc_column-inner\"><div class=\"wpb_wrapper\">\n\t<div class=\"wpb_text_column wpb_content_element\" >\n\t\t<div class=\"wpb_wrapper\">\n\t\t\t<ul>\n<li>Servicios de mudanza residencial<\/li>\n<li>Reubicaci\u00f3n de empresas y empleados<\/li>\n<li>Mudanza de oficinas<\/li>\n<li>Servicios completos de mudanza puerta a puerta<\/li>\n<li>Servicios de mudanzas parciales<\/li>\n<li>Autom\u00f3viles y veh\u00edculos en movimiento<\/li>\n<li>Servicios de embalaje y desembalaje<\/li>\n<li>Servicios de almacenamiento y dep\u00f3sito seguro<\/li>\n<li>Plan de protecci\u00f3n<\/li>\n<\/ul>\n\n\t\t<\/div>\n\t<\/div>\n<\/div><\/div><\/div><\/div><div class=\"vc_row wpb_row vc_inner vc_row-fluid vc_custom_1588859266677\"><div class=\"wpb_column vc_column_container vc_col-sm-12\"><div class=\"vc_column-inner\"><div class=\"wpb_wrapper\"><div class=\"vc_empty_space\"   style=\"height: 32px\"><span class=\"vc_empty_space_inner\"><\/span><\/div><div class=\"load-more\">    \r\n <div  style=\"text-align:left\">\r\n    <a href=\"https:\/\/graneromoving.com\/moving-services-contact-us\/\" class=\"button    type2\">\r\n   <span>\r\n    <span>Cotizaci\u00f3n Gratuita<\/span>\r\n    <span>Cotizaci\u00f3n Gratuita<\/span>\r\n   <\/span>\r\n  <\/a>\r\n <\/div>\r\n<\/div>\n<\/div><\/div><\/div><\/div><div class=\"vc_empty_space\"   style=\"height: 32px\"><span class=\"vc_empty_space_inner\"><\/span><\/div><\/div><\/div><\/div><div class=\"wpb_column vc_column_container vc_col-sm-6\"><div class=\"vc_column-inner\"><div class=\"wpb_wrapper\"><div class=\"vc_empty_space\"   style=\"height: 32px\"><span class=\"vc_empty_space_inner\"><\/span><\/div>\r\n\r\n\t\t\t<div class=\"wpb_single_image wpb_content_element vc_align_left\">\r\n\t\t\t\t\r\n\t\t\t\t\t<figure class=\"wpb_wrapper vc_figure item_img\">\r\n\t\t\t\t\t\t<div class=\"vc_single_image-wrapper   vc_box_border_grey\"><img loading=\"lazy\" decoding=\"async\" class=\"vc_single_image-img\" src=\"https:\/\/formulaglobalmobility.us\/wp-content\/uploads\/2022\/03\/5-500x350.jpg\" width=\"500\" height=\"350\" alt=\"5\" title=\"5\" \/><\/div>\r\n\t\t\t\t\t<\/figure>\r\n\t\t\t<\/div>\r\n<\/div><\/div><\/div><\/div><div class=\"vc_row wpb_row vc_row-fluid\"><div class=\"wpb_column vc_column_container vc_col-sm-6\"><div class=\"vc_column-inner\"><div class=\"wpb_wrapper\"><div class=\"vc_empty_space\"   style=\"height: 32px\"><span class=\"vc_empty_space_inner\"><\/span><\/div><h2 style=\"font-size: 22px;color: #333333;text-align: left\" class=\"vc_custom_heading vc_custom_1648574957681 main_title\">Mudanzas americanas que cubren todas las ciudades de Estados Unidos<\/h2><div class=\"vc_row wpb_row vc_inner vc_row-fluid vc_custom_1648495792828\"><div class=\"wpb_column vc_column_container vc_col-sm-12\"><div class=\"vc_column-inner\"><div class=\"wpb_wrapper\">\n\t<div class=\"wpb_text_column wpb_content_element\" >\n\t\t<div class=\"wpb_wrapper\">\n\t\t\t<p>Nuestros servicios de mudanza cubren todos los Estados Unidos. Nuestros agentes de mudanzas est\u00e1n cerca de los destinos favoritos del sur de Florida: Coral Springs, Miramar, Pembroke Pines, Fort Lauderdale, Hialeah, Seattle, Pompano Beach o West Palm Beach.<\/p>\n<p>Nuestros camiones de mudanzas tambi\u00e9n cruzan los EE.UU. de este a oeste a trav\u00e9s de los estados del sur: Texas, Nuevo M\u00e9xico, Arizona y California. Nuestros camiones de mudanzas sirven el eje Norte-Sur cruzando los estados de la costa este: Carolina del Sur y del Norte, Virginia, Massachusetts y Nueva York hasta la frontera canadiense en Maine.<\/p>\n<p>Thanks to our networks of agents, we can move our clients&#8217; household goods to the other side of the country in the state of Washington via the center of the USA: Tennessee, Kansas, Colorado, and Wyoming.<\/p>\n\n\t\t<\/div>\n\t<\/div>\n<\/div><\/div><\/div><\/div><div class=\"vc_empty_space\"   style=\"height: 32px\"><span class=\"vc_empty_space_inner\"><\/span><\/div><\/div><\/div><\/div><div class=\"wpb_column vc_column_container vc_col-sm-6\"><div class=\"vc_column-inner\"><div class=\"wpb_wrapper\"><div class=\"vc_empty_space\"   style=\"height: 32px\"><span class=\"vc_empty_space_inner\"><\/span><\/div>\r\n\r\n\t\t\t<div class=\"wpb_single_image wpb_content_element vc_align_left\">\r\n\t\t\t\t\r\n\t\t\t\t\t<figure class=\"wpb_wrapper vc_figure item_img\">\r\n\t\t\t\t\t\t<div class=\"vc_single_image-wrapper   vc_box_border_grey\"><img loading=\"lazy\" decoding=\"async\" class=\"vc_single_image-img\" src=\"https:\/\/formulaglobalmobility.us\/wp-content\/uploads\/2022\/03\/40-2-500x350.jpg\" width=\"500\" height=\"350\" alt=\"40\" title=\"40\" \/><\/div>\r\n\t\t\t\t\t<\/figure>\r\n\t\t\t<\/div>\r\n<\/div><\/div><\/div><\/div><div class=\"vc_row wpb_row vc_row-fluid\"><div class=\"wpb_column vc_column_container vc_col-sm-4\"><div class=\"vc_column-inner\"><div class=\"wpb_wrapper\"><\/div><\/div><\/div><div class=\"wpb_column vc_column_container vc_col-sm-4\"><div class=\"vc_column-inner\"><div class=\"wpb_wrapper\"><div class=\"vc_empty_space\"   style=\"height: 32px\"><span class=\"vc_empty_space_inner\"><\/span><\/div><h2 style=\"font-size: 22px;color: #333333;text-align: left\" class=\"vc_custom_heading vc_custom_1648576636241 main_title\">Rese\u00f1as de nuestros clientes<\/h2>\r\n\r\n\t\t\t<div class=\"wpb_single_image wpb_content_element vc_align_center\">\r\n\t\t\t\t\r\n\t\t\t\t\t<figure class=\"wpb_wrapper vc_figure item_img\">\r\n\t\t\t\t\t\t<div class=\"vc_single_image-wrapper   vc_box_border_grey\"><img loading=\"lazy\" decoding=\"async\" width=\"600\" height=\"300\" src=\"https:\/\/formulaglobalmobility.us\/wp-content\/uploads\/2022\/03\/1-1.jpg\" class=\"vc_single_image-img attachment-full\" alt=\"1\" \/><\/div>\r\n\t\t\t\t\t<\/figure>\r\n\t\t\t<\/div>\r\n<\/div><\/div><\/div><div class=\"wpb_column vc_column_container vc_col-sm-4\"><div class=\"vc_column-inner\"><div class=\"wpb_wrapper\"><\/div><\/div><\/div><\/div><div class=\"vc_row wpb_row vc_row-fluid\"><div class=\"wpb_column vc_column_container vc_col-sm-4\"><div class=\"vc_column-inner\"><div class=\"wpb_wrapper\">\r\n\r\n\t\t\t<div class=\"wpb_single_image wpb_content_element vc_align_left\">\r\n\t\t\t\t\r\n\t\t\t\t\t<figure class=\"wpb_wrapper vc_figure item_img\">\r\n\t\t\t\t\t\t<div class=\"vc_single_image-wrapper   vc_box_border_grey\"><img loading=\"lazy\" decoding=\"async\" width=\"600\" height=\"300\" src=\"https:\/\/formulaglobalmobility.us\/wp-content\/uploads\/2022\/03\/4.jpg\" class=\"vc_single_image-img attachment-full\" alt=\"4\" \/><\/div>\r\n\t\t\t\t\t<\/figure>\r\n\t\t\t<\/div>\r\n<\/div><\/div><\/div><div class=\"wpb_column vc_column_container vc_col-sm-4\"><div class=\"vc_column-inner\"><div class=\"wpb_wrapper\">\r\n\r\n\t\t\t<div class=\"wpb_single_image wpb_content_element vc_align_left\">\r\n\t\t\t\t\r\n\t\t\t\t\t<figure class=\"wpb_wrapper vc_figure item_img\">\r\n\t\t\t\t\t\t<div class=\"vc_single_image-wrapper   vc_box_border_grey\"><img loading=\"lazy\" decoding=\"async\" width=\"592\" height=\"300\" src=\"https:\/\/formulaglobalmobility.us\/wp-content\/uploads\/2022\/03\/3-1.jpg\" class=\"vc_single_image-img attachment-full\" alt=\"3\" \/><\/div>\r\n\t\t\t\t\t<\/figure>\r\n\t\t\t<\/div>\r\n<\/div><\/div><\/div><div class=\"wpb_column vc_column_container vc_col-sm-4\"><div class=\"vc_column-inner\"><div class=\"wpb_wrapper\">\r\n\r\n\t\t\t<div class=\"wpb_single_image wpb_content_element vc_align_left\">\r\n\t\t\t\t\r\n\t\t\t\t\t<figure class=\"wpb_wrapper vc_figure item_img\">\r\n\t\t\t\t\t\t<div class=\"vc_single_image-wrapper   vc_box_border_grey\"><img loading=\"lazy\" decoding=\"async\" width=\"600\" height=\"300\" src=\"https:\/\/formulaglobalmobility.us\/wp-content\/uploads\/2022\/03\/2.jpg\" class=\"vc_single_image-img attachment-full\" alt=\"2\" \/><\/div>\r\n\t\t\t\t\t<\/figure>\r\n\t\t\t<\/div>\r\n<\/div><\/div><\/div><\/div><div class=\"vc_row wpb_row vc_row-fluid\"><div class=\"wpb_column vc_column_container vc_col-sm-3\"><div class=\"vc_column-inner\"><div class=\"wpb_wrapper\"><\/div><\/div><\/div><div class=\"wpb_column vc_column_container vc_col-sm-6\"><div class=\"vc_column-inner\"><div class=\"wpb_wrapper\"><div class=\"vc_empty_space\"   style=\"height: 32px\"><span class=\"vc_empty_space_inner\"><\/span><\/div><h2 style=\"font-size: 22px;color: #333333;text-align: left\" class=\"vc_custom_heading vc_custom_1649098540591 main_title\">Nuestras oficinas y almacenes en Estados Unidos<\/h2><\/div><\/div><\/div><div class=\"wpb_column vc_column_container vc_col-sm-3\"><div class=\"vc_column-inner\"><div class=\"wpb_wrapper\"><\/div><\/div><\/div><\/div><div class=\"vc_row wpb_row vc_row-fluid\"><div class=\"wpb_column vc_column_container vc_col-sm-3\"><div class=\"vc_column-inner\"><div class=\"wpb_wrapper\"><div class=\"vc_empty_space\"   style=\"height: 32px\"><span class=\"vc_empty_space_inner\"><\/span><\/div>\r\n\r\n\t\t\t<div class=\"wpb_single_image wpb_content_element vc_align_center\">\r\n\t\t\t\t\r\n\t\t\t\t\t<figure class=\"wpb_wrapper vc_figure item_img\">\r\n\t\t\t\t\t\t<div class=\"vc_single_image-wrapper   vc_box_border_grey\"><img loading=\"lazy\" decoding=\"async\" width=\"300\" height=\"226\" src=\"https:\/\/formulaglobalmobility.us\/wp-content\/uploads\/2022\/03\/14-300x226.jpg\" class=\"vc_single_image-img attachment-medium\" alt=\"14\" \/><\/div>\r\n\t\t\t\t\t<\/figure>\r\n\t\t\t<\/div>\r\n<div class=\"vc_empty_space\"   style=\"height: 32px\"><span class=\"vc_empty_space_inner\"><\/span><\/div><div class=\"vc_row wpb_row vc_inner vc_row-fluid vc_custom_1648495792828\"><div class=\"wpb_column vc_column_container vc_col-sm-12\"><div class=\"vc_column-inner\"><div class=\"wpb_wrapper\">\n\t<div class=\"wpb_text_column wpb_content_element\" >\n\t\t<div class=\"wpb_wrapper\">\n\t\t\t<h3 style=\"text-align: center;\">Seattle<\/h3>\n<p style=\"text-align: center;\"><span>1106 Shuksan Way<\/span>.<span>\u00a0Suite 100<\/span><\/p>\n<p style=\"text-align: center;\"><span>Everett, WA 98203<\/span><\/p>\n\n\t\t<\/div>\n\t<\/div>\n<\/div><\/div><\/div><\/div><\/div><\/div><\/div><div class=\"wpb_column vc_column_container vc_col-sm-3\"><div class=\"vc_column-inner\"><div class=\"wpb_wrapper\"><div class=\"vc_empty_space\"   style=\"height: 32px\"><span class=\"vc_empty_space_inner\"><\/span><\/div>\r\n\r\n\t\t\t<div class=\"wpb_single_image wpb_content_element vc_align_center\">\r\n\t\t\t\t\r\n\t\t\t\t\t<figure class=\"wpb_wrapper vc_figure item_img\">\r\n\t\t\t\t\t\t<div class=\"vc_single_image-wrapper   vc_box_border_grey\"><img loading=\"lazy\" decoding=\"async\" width=\"300\" height=\"233\" src=\"https:\/\/formulaglobalmobility.us\/wp-content\/uploads\/2022\/03\/13-300x233.jpg\" class=\"vc_single_image-img attachment-medium\" alt=\"13\" \/><\/div>\r\n\t\t\t\t\t<\/figure>\r\n\t\t\t<\/div>\r\n<div class=\"vc_empty_space\"   style=\"height: 32px\"><span class=\"vc_empty_space_inner\"><\/span><\/div>\n\t<div class=\"wpb_text_column wpb_content_element\" >\n\t\t<div class=\"wpb_wrapper\">\n\t\t\t<h3 style=\"text-align: center;\">Fort Lauderdale<\/h3>\n<p style=\"text-align: center;\">4740 NW 15th Avenue, Suite 3D<\/p>\n<p style=\"text-align: center;\">Fort Lauderdale, FL 33309<\/p>\n\n\t\t<\/div>\n\t<\/div>\n<\/div><\/div><\/div><div class=\"wpb_column vc_column_container vc_col-sm-3\"><div class=\"vc_column-inner\"><div class=\"wpb_wrapper\"><div class=\"vc_empty_space\"   style=\"height: 32px\"><span class=\"vc_empty_space_inner\"><\/span><\/div>\r\n\r\n\t\t\t<div class=\"wpb_single_image wpb_content_element vc_align_center\">\r\n\t\t\t\t\r\n\t\t\t\t\t<figure class=\"wpb_wrapper vc_figure item_img\">\r\n\t\t\t\t\t\t<div class=\"vc_single_image-wrapper   vc_box_border_grey\"><img loading=\"lazy\" decoding=\"async\" width=\"300\" height=\"240\" src=\"https:\/\/formulaglobalmobility.us\/wp-content\/uploads\/2024\/12\/sacramento-warehouse-formula-global-mobility-Copie-300x240.jpg\" class=\"vc_single_image-img attachment-medium\" alt=\"Sacramento Warehouse Formula Global Mobility Copie\" \/><\/div>\r\n\t\t\t\t\t<\/figure>\r\n\t\t\t<\/div>\r\n<div class=\"vc_empty_space\"   style=\"height: 32px\"><span class=\"vc_empty_space_inner\"><\/span><\/div>\n\t<div class=\"wpb_text_column wpb_content_element\" >\n\t\t<div class=\"wpb_wrapper\">\n\t\t\t<h3 style=\"text-align: center;\">Sacramento<\/h3>\n<p style=\"text-align: center;\">8425 Rovana Circle, Suite F<\/p>\n<p style=\"text-align: center;\">Sacramento, CA 95828<\/p>\n\n\t\t<\/div>\n\t<\/div>\n<\/div><\/div><\/div><div class=\"wpb_column vc_column_container vc_col-sm-3\"><div class=\"vc_column-inner\"><div class=\"wpb_wrapper\">\n\t<div class=\"wpb_text_column wpb_content_element\" >\n\t\t<div class=\"wpb_wrapper\">\n\t\t\t<h3 style=\"text-align: center;\">Portland<\/h3>\n<h3 style=\"text-align: center;\">Boise<\/h3>\n<h3 style=\"text-align: center;\">Las Vegas<\/h3>\n<h3 style=\"text-align: center;\">San Francisco<\/h3>\n<h3 style=\"text-align: center;\">Los Angeles<\/h3>\n<h3 style=\"text-align: center;\">San Diego<\/h3>\n\n\t\t<\/div>\n\t<\/div>\n<\/div><\/div><\/div><\/div><div class=\"vc_row wpb_row vc_row-fluid\"><div class=\"wpb_column vc_column_container vc_col-sm-12\"><div class=\"vc_column-inner\"><div class=\"wpb_wrapper\"><div class=\"vc_row wpb_row vc_inner vc_row-fluid vc_custom_1588859266677\"><div class=\"wpb_column vc_column_container vc_col-sm-4\"><div class=\"vc_column-inner\"><div class=\"wpb_wrapper\"><\/div><\/div><\/div><div class=\"wpb_column vc_column_container vc_col-sm-4\"><div class=\"vc_column-inner\"><div class=\"wpb_wrapper\"><div class=\"load-more\">    \r\n <div  style=\"text-align:center\">\r\n    <a href=\"https:\/\/graneromoving.com\/moving-services-contact-us\/\" class=\"button    type2\">\r\n   <span>\r\n    <span>Cotizaci\u00f3n Gratuita<\/span>\r\n    <span>Cotizaci\u00f3n Gratuita<\/span>\r\n   <\/span>\r\n  <\/a>\r\n <\/div>\r\n<\/div>\n<div class=\"vc_empty_space\"   style=\"height: 32px\"><span class=\"vc_empty_space_inner\"><\/span><\/div><\/div><\/div><\/div><div class=\"wpb_column vc_column_container vc_col-sm-4\"><div class=\"vc_column-inner\"><div class=\"wpb_wrapper\"><\/div><\/div><\/div><\/div><\/div><\/div><\/div><\/div>","protected":false},"excerpt":{"rendered":"Long Distance Moving Formula Van Lines are the trusted long distance movers Your affordable long distance movers in the United States Are you planning a long distance move? Trust an interstate moving expert to deliver your household goods in perfect condition. Recognized as one of the best long distance moving companies in Florida, Formula Van.","protected":false},"author":7,"featured_media":0,"parent":0,"menu_order":0,"comment_status":"closed","ping_status":"closed","template":"","meta":{"slim_seo":{"title":"Long Distance Moving - Formula Global Mobility","description":""},"footnotes":""},"class_list":["post-1160","page","type-page","status-publish","hentry"],"_links":{"self":[{"href":"https:\/\/formulaglobalmobility.us\/es\/wp-json\/wp\/v2\/pages\/1160","targetHints":{"allow":["GET"]}}],"collection":[{"href":"https:\/\/formulaglobalmobility.us\/es\/wp-json\/wp\/v2\/pages"}],"about":[{"href":"https:\/\/formulaglobalmobility.us\/es\/wp-json\/wp\/v2\/types\/page"}],"author":[{"embeddable":true,"href":"https:\/\/formulaglobalmobility.us\/es\/wp-json\/wp\/v2\/users\/7"}],"replies":[{"embeddable":true,"href":"https:\/\/formulaglobalmobility.us\/es\/wp-json\/wp\/v2\/comments?post=1160"}],"version-history":[{"count":10,"href":"https:\/\/formulaglobalmobility.us\/es\/wp-json\/wp\/v2\/pages\/1160\/revisions"}],"predecessor-version":[{"id":3692,"href":"https:\/\/formulaglobalmobility.us\/es\/wp-json\/wp\/v2\/pages\/1160\/revisions\/3692"}],"wp:attachment":[{"href":"https:\/\/formulaglobalmobility.us\/es\/wp-json\/wp\/v2\/media?parent=1160"}],"curies":[{"name":"wp","href":"https:\/\/api.w.org\/{rel}","templated":true}]}}